{"id":339,"date":"2025-10-01T09:39:51","date_gmt":"2025-10-01T09:39:51","guid":{"rendered":"https:\/\/wendigofin.com\/quienes-somos\/"},"modified":"2025-10-28T07:04:23","modified_gmt":"2025-10-28T07:04:23","slug":"quienes-somos","status":"publish","type":"page","link":"https:\/\/wendigofin.com\/es\/quienes-somos\/","title":{"rendered":"Qui\u00e9nes somos"},"content":{"rendered":"\t\t<div data-elementor-type=\"wp-page\" data-elementor-id=\"339\" class=\"elementor elementor-339 elementor-113\" data-elementor-post-type=\"page\">\n\t\t\t\t<div class=\"elementor-element elementor-element-72b2628 e-flex e-con-boxed e-con e-parent\" data-id=\"72b2628\" data-element_type=\"container\" data-e-type=\"container\" data-settings=\"{&quot;background_background&quot;:&quot;classic&quot;}\">\n\t\t\t\t\t<div class=\"e-con-inner\">\n\t\t<div class=\"elementor-element elementor-element-cb7c7dd e-con-full e-flex e-con e-child\" data-id=\"cb7c7dd\" data-element_type=\"container\" data-e-type=\"container\">\n\t\t\t\t<div class=\"elementor-element elementor-element-e7e0ce9 elementor-widget elementor-widget-image\" data-id=\"e7e0ce9\" data-element_type=\"widget\" data-e-type=\"widget\" data-widget_type=\"image.default\">\n\t\t\t\t\t\t\t\t\t\t\t\t\t\t\t<img fetchpriority=\"high\" decoding=\"async\" width=\"800\" height=\"800\" src=\"https:\/\/wendigofin.com\/wp-content\/uploads\/2025\/10\/img_home_2x.png\" class=\"attachment-large size-large wp-image-325\" alt=\"\" srcset=\"https:\/\/wendigofin.com\/wp-content\/uploads\/2025\/10\/img_home_2x.png 844w, https:\/\/wendigofin.com\/wp-content\/uploads\/2025\/10\/img_home_2x-300x300.png 300w, https:\/\/wendigofin.com\/wp-content\/uploads\/2025\/10\/img_home_2x-150x150.png 150w, https:\/\/wendigofin.com\/wp-content\/uploads\/2025\/10\/img_home_2x-768x768.png 768w\" sizes=\"(max-width: 800px) 100vw, 800px\" \/>\t\t\t\t\t\t\t\t\t\t\t\t\t\t\t<\/div>\n\t\t\t\t<\/div>\n\t\t<div class=\"elementor-element elementor-element-8464c04 e-con-full e-flex e-con e-child\" data-id=\"8464c04\" data-element_type=\"container\" data-e-type=\"container\">\n\t\t\t\t<div class=\"elementor-element elementor-element-58aae28 elementor-widget elementor-widget-heading\" data-id=\"58aae28\" data-element_type=\"widget\" data-e-type=\"widget\" data-widget_type=\"heading.default\">\n\t\t\t\t\t<h1 class=\"elementor-heading-title elementor-size-default\">Proximidad, experiencia y confianza para su empresa.<\/h1>\t\t\t\t<\/div>\n\t\t\t\t<div class=\"elementor-element elementor-element-865cd91 elementor-widget elementor-widget-button\" data-id=\"865cd91\" data-element_type=\"widget\" data-e-type=\"widget\" data-widget_type=\"button.default\">\n\t\t\t\t\t\t\t\t\t\t<a class=\"elementor-button elementor-button-link elementor-size-sm\" href=\"https:\/\/wendigofin.com\/es\/contacto\/\">\n\t\t\t\t\t\t<span class=\"elementor-button-content-wrapper\">\n\t\t\t\t\t\t\t\t\t<span class=\"elementor-button-text\">Hablemos<\/span>\n\t\t\t\t\t<\/span>\n\t\t\t\t\t<\/a>\n\t\t\t\t\t\t\t\t<\/div>\n\t\t\t\t<\/div>\n\t\t\t\t\t<\/div>\n\t\t\t\t<\/div>\n\t\t<div class=\"elementor-element elementor-element-257a900 e-flex e-con-boxed e-con e-parent\" data-id=\"257a900\" data-element_type=\"container\" data-e-type=\"container\">\n\t\t\t\t\t<div class=\"e-con-inner\">\n\t\t<div class=\"elementor-element elementor-element-8443d0e e-con-full e-flex e-con e-child\" data-id=\"8443d0e\" data-element_type=\"container\" data-e-type=\"container\">\n\t\t\t\t<div class=\"elementor-element elementor-element-5e478fb elementor-widget elementor-widget-heading\" data-id=\"5e478fb\" data-element_type=\"widget\" data-e-type=\"widget\" data-widget_type=\"heading.default\">\n\t\t\t\t\t<h3 class=\"elementor-heading-title elementor-size-default\">Wendigo Fin nace de m\u00e1s de 25 a\u00f1os de experiencia en direcci\u00f3n financiera y banca corporativa. <\/h3>\t\t\t\t<\/div>\n\t\t\t\t<div class=\"elementor-element elementor-element-b51c2ae elementor-widget elementor-widget-text-editor\" data-id=\"b51c2ae\" data-element_type=\"widget\" data-e-type=\"widget\" data-widget_type=\"text-editor.default\">\n\t\t\t\t\t\t\t\t\t<p>Conocemos las dificultades a las que se enfrentan las peque\u00f1as y medianas empresas: falta de tiempo, tensiones de tesorer\u00eda y poca visibilidad de resultados.<\/p><p>Nuestro objetivo es poner al alcance de las pymes un servicio que hasta ahora solo ten\u00edan las grandes empresas: un CFO de confianza, externalizado y flexible.<\/p><p>Acompa\u00f1amos a un pool reducido de clientes para establecer relaciones cercanas y duraderas.<\/p>\t\t\t\t\t\t\t\t<\/div>\n\t\t\t\t<\/div>\n\t\t<div class=\"elementor-element elementor-element-66ed695 e-con-full e-flex e-con e-child\" data-id=\"66ed695\" data-element_type=\"container\" data-e-type=\"container\" data-settings=\"{&quot;background_background&quot;:&quot;classic&quot;}\">\n\t\t\t\t<\/div>\n\t\t\t\t\t<\/div>\n\t\t\t\t<\/div>\n\t\t<div class=\"elementor-element elementor-element-dbf5c71 e-flex e-con-boxed e-con e-parent\" data-id=\"dbf5c71\" data-element_type=\"container\" data-e-type=\"container\">\n\t\t\t\t\t<div class=\"e-con-inner\">\n\t\t<div class=\"elementor-element elementor-element-f1b63dc e-con-full e-flex e-con e-child\" data-id=\"f1b63dc\" data-element_type=\"container\" data-e-type=\"container\" data-settings=\"{&quot;background_background&quot;:&quot;classic&quot;}\">\n\t\t\t\t<\/div>\n\t\t<div class=\"elementor-element elementor-element-0a3c638 e-con-full e-flex e-con e-child\" data-id=\"0a3c638\" data-element_type=\"container\" data-e-type=\"container\">\n\t\t\t\t<div class=\"elementor-element elementor-element-bdfc818 elementor-widget elementor-widget-heading\" data-id=\"bdfc818\" data-element_type=\"widget\" data-e-type=\"widget\" data-widget_type=\"heading.default\">\n\t\t\t\t\t<h3 class=\"elementor-heading-title elementor-size-default\">Casos y clientes: <br>de la incertidumbre al control total.<\/h3>\t\t\t\t<\/div>\n\t\t\t\t<div class=\"elementor-element elementor-element-71a9129 elementor-widget elementor-widget-text-editor\" data-id=\"71a9129\" data-element_type=\"widget\" data-e-type=\"widget\" data-widget_type=\"text-editor.default\">\n\t\t\t\t\t\t\t\t\t<p>Muchas empresas llegan a Wendigo Fin con tensi\u00f3n de tesorer\u00eda, falta de reporting y procesos manuales.<\/p><p>A trav\u00e9s del Outsourcing CFO y la implantaci\u00f3n de un ERP, consiguen visibilidad en tiempo real, estabilidad financiera y una estrategia s\u00f3lida de crecimiento.<\/p><p>Nuestro modelo no se basa en volumen, sino en proximidad: trabajamos con un pool reducido de clientes para asegurar un <strong>acompa\u00f1amiento real y constante<\/strong>.<\/p>\t\t\t\t\t\t\t\t<\/div>\n\t\t\t\t<\/div>\n\t\t\t\t\t<\/div>\n\t\t\t\t<\/div>\n\t\t\t\t<\/div>\n\t\t","protected":false},"excerpt":{"rendered":"<p>Proximidad, experiencia y confianza para su empresa. Hablemos Wendigo Fin nace de m\u00e1s de 25 a\u00f1os de experiencia en direcci\u00f3n financiera y banca corporativa. Conocemos las dificultades a las que se enfrentan las peque\u00f1as y medianas empresas: falta de tiempo, tensiones de tesorer\u00eda y poca visibilidad de resultados. Nuestro objetivo es poner al alcance de [&hellip;]<\/p>\n","protected":false},"author":1,"featured_media":0,"parent":0,"menu_order":0,"comment_status":"closed","ping_status":"closed","template":"","meta":{"inline_featured_image":false,"footnotes":""},"class_list":["post-339","page","type-page","status-publish","hentry"],"yoast_head":"<!-- This site is optimized with the Yoast SEO plugin v27.4 - https:\/\/yoast.com\/product\/yoast-seo-wordpress\/ -->\n<title>Qui\u00e9nes somos - Wendigo Fin - Outsourcing Financer<\/title>\n<meta name=\"robots\" content=\"index, follow, max-snippet:-1, max-image-preview:large, max-video-preview:-1\" \/>\n<link rel=\"canonical\" href=\"https:\/\/wendigofin.com\/es\/quienes-somos\/\" \/>\n<meta property=\"og:locale\" content=\"es_ES\" \/>\n<meta property=\"og:type\" content=\"article\" \/>\n<meta property=\"og:title\" content=\"Qui\u00e9nes somos - Wendigo Fin - Outsourcing Financer\" \/>\n<meta property=\"og:description\" content=\"Proximidad, experiencia y confianza para su empresa. Hablemos Wendigo Fin nace de m\u00e1s de 25 a\u00f1os de experiencia en direcci\u00f3n financiera y banca corporativa. Conocemos las dificultades a las que se enfrentan las peque\u00f1as y medianas empresas: falta de tiempo, tensiones de tesorer\u00eda y poca visibilidad de resultados. Nuestro objetivo es poner al alcance de [&hellip;]\" \/>\n<meta property=\"og:url\" content=\"https:\/\/wendigofin.com\/es\/quienes-somos\/\" \/>\n<meta property=\"og:site_name\" content=\"Wendigo Fin - Outsourcing Financer\" \/>\n<meta property=\"article:modified_time\" content=\"2025-10-28T07:04:23+00:00\" \/>\n<meta property=\"og:image\" content=\"https:\/\/wendigofin.com\/wp-content\/uploads\/2025\/10\/img_home_2x.png\" \/>\n\t<meta property=\"og:image:width\" content=\"844\" \/>\n\t<meta property=\"og:image:height\" content=\"844\" \/>\n\t<meta property=\"og:image:type\" content=\"image\/png\" \/>\n<meta name=\"twitter:card\" content=\"summary_large_image\" \/>\n<script type=\"application\/ld+json\" class=\"yoast-schema-graph\">{\"@context\":\"https:\\\/\\\/schema.org\",\"@graph\":[{\"@type\":\"WebPage\",\"@id\":\"https:\\\/\\\/wendigofin.com\\\/es\\\/quienes-somos\\\/\",\"url\":\"https:\\\/\\\/wendigofin.com\\\/es\\\/quienes-somos\\\/\",\"name\":\"Qui\u00e9nes somos - Wendigo Fin - Outsourcing Financer\",\"isPartOf\":{\"@id\":\"https:\\\/\\\/wendigofin.com\\\/es\\\/#website\"},\"primaryImageOfPage\":{\"@id\":\"https:\\\/\\\/wendigofin.com\\\/es\\\/quienes-somos\\\/#primaryimage\"},\"image\":{\"@id\":\"https:\\\/\\\/wendigofin.com\\\/es\\\/quienes-somos\\\/#primaryimage\"},\"thumbnailUrl\":\"https:\\\/\\\/wendigofin.com\\\/wp-content\\\/uploads\\\/2025\\\/10\\\/img_home_2x.png\",\"datePublished\":\"2025-10-01T09:39:51+00:00\",\"dateModified\":\"2025-10-28T07:04:23+00:00\",\"breadcrumb\":{\"@id\":\"https:\\\/\\\/wendigofin.com\\\/es\\\/quienes-somos\\\/#breadcrumb\"},\"inLanguage\":\"es\",\"potentialAction\":[{\"@type\":\"ReadAction\",\"target\":[\"https:\\\/\\\/wendigofin.com\\\/es\\\/quienes-somos\\\/\"]}]},{\"@type\":\"ImageObject\",\"inLanguage\":\"es\",\"@id\":\"https:\\\/\\\/wendigofin.com\\\/es\\\/quienes-somos\\\/#primaryimage\",\"url\":\"https:\\\/\\\/wendigofin.com\\\/wp-content\\\/uploads\\\/2025\\\/10\\\/img_home_2x.png\",\"contentUrl\":\"https:\\\/\\\/wendigofin.com\\\/wp-content\\\/uploads\\\/2025\\\/10\\\/img_home_2x.png\"},{\"@type\":\"BreadcrumbList\",\"@id\":\"https:\\\/\\\/wendigofin.com\\\/es\\\/quienes-somos\\\/#breadcrumb\",\"itemListElement\":[{\"@type\":\"ListItem\",\"position\":1,\"name\":\"Inicio\",\"item\":\"https:\\\/\\\/wendigofin.com\\\/es\\\/inicio\\\/\"},{\"@type\":\"ListItem\",\"position\":2,\"name\":\"Qui\u00e9nes somos\"}]},{\"@type\":\"WebSite\",\"@id\":\"https:\\\/\\\/wendigofin.com\\\/es\\\/#website\",\"url\":\"https:\\\/\\\/wendigofin.com\\\/es\\\/\",\"name\":\"Wendigo Fin - Outsourcing Financer\",\"description\":\"Assessoria i direcci\u00f3 financera\",\"publisher\":{\"@id\":\"https:\\\/\\\/wendigofin.com\\\/es\\\/#organization\"},\"potentialAction\":[{\"@type\":\"SearchAction\",\"target\":{\"@type\":\"EntryPoint\",\"urlTemplate\":\"https:\\\/\\\/wendigofin.com\\\/es\\\/?s={search_term_string}\"},\"query-input\":{\"@type\":\"PropertyValueSpecification\",\"valueRequired\":true,\"valueName\":\"search_term_string\"}}],\"inLanguage\":\"es\"},{\"@type\":\"Organization\",\"@id\":\"https:\\\/\\\/wendigofin.com\\\/es\\\/#organization\",\"name\":\"Wendigo Fin - Outsourcing Financiero\",\"url\":\"https:\\\/\\\/wendigofin.com\\\/es\\\/\",\"logo\":{\"@type\":\"ImageObject\",\"inLanguage\":\"es\",\"@id\":\"https:\\\/\\\/wendigofin.com\\\/es\\\/#\\\/schema\\\/logo\\\/image\\\/\",\"url\":\"https:\\\/\\\/wendigofin.com\\\/wp-content\\\/uploads\\\/2025\\\/10\\\/logo_wendigofin.png\",\"contentUrl\":\"https:\\\/\\\/wendigofin.com\\\/wp-content\\\/uploads\\\/2025\\\/10\\\/logo_wendigofin.png\",\"width\":329,\"height\":92,\"caption\":\"Wendigo Fin - Outsourcing Financiero\"},\"image\":{\"@id\":\"https:\\\/\\\/wendigofin.com\\\/es\\\/#\\\/schema\\\/logo\\\/image\\\/\"}}]}<\/script>\n<!-- \/ Yoast SEO plugin. -->","yoast_head_json":{"title":"Qui\u00e9nes somos - Wendigo Fin - Outsourcing Financer","robots":{"index":"index","follow":"follow","max-snippet":"max-snippet:-1","max-image-preview":"max-image-preview:large","max-video-preview":"max-video-preview:-1"},"canonical":"https:\/\/wendigofin.com\/es\/quienes-somos\/","og_locale":"es_ES","og_type":"article","og_title":"Qui\u00e9nes somos - Wendigo Fin - Outsourcing Financer","og_description":"Proximidad, experiencia y confianza para su empresa. Hablemos Wendigo Fin nace de m\u00e1s de 25 a\u00f1os de experiencia en direcci\u00f3n financiera y banca corporativa. Conocemos las dificultades a las que se enfrentan las peque\u00f1as y medianas empresas: falta de tiempo, tensiones de tesorer\u00eda y poca visibilidad de resultados. Nuestro objetivo es poner al alcance de [&hellip;]","og_url":"https:\/\/wendigofin.com\/es\/quienes-somos\/","og_site_name":"Wendigo Fin - Outsourcing Financer","article_modified_time":"2025-10-28T07:04:23+00:00","og_image":[{"width":844,"height":844,"url":"https:\/\/wendigofin.com\/wp-content\/uploads\/2025\/10\/img_home_2x.png","type":"image\/png"}],"twitter_card":"summary_large_image","schema":{"@context":"https:\/\/schema.org","@graph":[{"@type":"WebPage","@id":"https:\/\/wendigofin.com\/es\/quienes-somos\/","url":"https:\/\/wendigofin.com\/es\/quienes-somos\/","name":"Qui\u00e9nes somos - Wendigo Fin - Outsourcing Financer","isPartOf":{"@id":"https:\/\/wendigofin.com\/es\/#website"},"primaryImageOfPage":{"@id":"https:\/\/wendigofin.com\/es\/quienes-somos\/#primaryimage"},"image":{"@id":"https:\/\/wendigofin.com\/es\/quienes-somos\/#primaryimage"},"thumbnailUrl":"https:\/\/wendigofin.com\/wp-content\/uploads\/2025\/10\/img_home_2x.png","datePublished":"2025-10-01T09:39:51+00:00","dateModified":"2025-10-28T07:04:23+00:00","breadcrumb":{"@id":"https:\/\/wendigofin.com\/es\/quienes-somos\/#breadcrumb"},"inLanguage":"es","potentialAction":[{"@type":"ReadAction","target":["https:\/\/wendigofin.com\/es\/quienes-somos\/"]}]},{"@type":"ImageObject","inLanguage":"es","@id":"https:\/\/wendigofin.com\/es\/quienes-somos\/#primaryimage","url":"https:\/\/wendigofin.com\/wp-content\/uploads\/2025\/10\/img_home_2x.png","contentUrl":"https:\/\/wendigofin.com\/wp-content\/uploads\/2025\/10\/img_home_2x.png"},{"@type":"BreadcrumbList","@id":"https:\/\/wendigofin.com\/es\/quienes-somos\/#breadcrumb","itemListElement":[{"@type":"ListItem","position":1,"name":"Inicio","item":"https:\/\/wendigofin.com\/es\/inicio\/"},{"@type":"ListItem","position":2,"name":"Qui\u00e9nes somos"}]},{"@type":"WebSite","@id":"https:\/\/wendigofin.com\/es\/#website","url":"https:\/\/wendigofin.com\/es\/","name":"Wendigo Fin - Outsourcing Financer","description":"Assessoria i direcci\u00f3 financera","publisher":{"@id":"https:\/\/wendigofin.com\/es\/#organization"},"potentialAction":[{"@type":"SearchAction","target":{"@type":"EntryPoint","urlTemplate":"https:\/\/wendigofin.com\/es\/?s={search_term_string}"},"query-input":{"@type":"PropertyValueSpecification","valueRequired":true,"valueName":"search_term_string"}}],"inLanguage":"es"},{"@type":"Organization","@id":"https:\/\/wendigofin.com\/es\/#organization","name":"Wendigo Fin - Outsourcing Financiero","url":"https:\/\/wendigofin.com\/es\/","logo":{"@type":"ImageObject","inLanguage":"es","@id":"https:\/\/wendigofin.com\/es\/#\/schema\/logo\/image\/","url":"https:\/\/wendigofin.com\/wp-content\/uploads\/2025\/10\/logo_wendigofin.png","contentUrl":"https:\/\/wendigofin.com\/wp-content\/uploads\/2025\/10\/logo_wendigofin.png","width":329,"height":92,"caption":"Wendigo Fin - Outsourcing Financiero"},"image":{"@id":"https:\/\/wendigofin.com\/es\/#\/schema\/logo\/image\/"}}]}},"_links":{"self":[{"href":"https:\/\/wendigofin.com\/es\/wp-json\/wp\/v2\/pages\/339","targetHints":{"allow":["GET"]}}],"collection":[{"href":"https:\/\/wendigofin.com\/es\/wp-json\/wp\/v2\/pages"}],"about":[{"href":"https:\/\/wendigofin.com\/es\/wp-json\/wp\/v2\/types\/page"}],"author":[{"embeddable":true,"href":"https:\/\/wendigofin.com\/es\/wp-json\/wp\/v2\/users\/1"}],"replies":[{"embeddable":true,"href":"https:\/\/wendigofin.com\/es\/wp-json\/wp\/v2\/comments?post=339"}],"version-history":[{"count":1,"href":"https:\/\/wendigofin.com\/es\/wp-json\/wp\/v2\/pages\/339\/revisions"}],"predecessor-version":[{"id":344,"href":"https:\/\/wendigofin.com\/es\/wp-json\/wp\/v2\/pages\/339\/revisions\/344"}],"wp:attachment":[{"href":"https:\/\/wendigofin.com\/es\/wp-json\/wp\/v2\/media?parent=339"}],"curies":[{"name":"wp","href":"https:\/\/api.w.org\/{rel}","templated":true}]}}