{"id":337,"date":"2025-10-01T10:02:24","date_gmt":"2025-10-01T10:02:24","guid":{"rendered":"https:\/\/wendigofin.com\/politica-de-privacidad\/"},"modified":"2025-12-16T08:13:22","modified_gmt":"2025-12-16T08:13:22","slug":"politica-de-privacidad","status":"publish","type":"page","link":"https:\/\/wendigofin.com\/es\/politica-de-privacidad\/","title":{"rendered":"Pol\u00edtica de privacidad"},"content":{"rendered":"\n<p>Respetando lo establecido en la legislaci\u00f3n vigente, <strong>WENDIGO FIN<\/strong> (en adelante, el sitio web) se compromete a adoptar las medidas t\u00e9cnicas y organizativas necesarias, seg\u00fan el nivel de seguridad adecuado al riesgo de los datos recogidos.<\/p>\n\n<h3 class=\"wp-block-heading\">Leyes que incorpora esta pol\u00edtica de privacidad<\/h3>\n\n<p>Esta pol\u00edtica de privacidad se adapta a la normativa espa\u00f1ola y europea vigente en materia de protecci\u00f3n de datos personales en internet. En concreto, respeta las siguientes normas: <\/p>\n\n<ul class=\"wp-block-list\">\n<li>El <strong>Reglamento (UE) 2016\/679<\/strong> del Parlamento Europeo y del Consejo, de 27 de abril de 2016, relativo a la protecci\u00f3n de las personas f\u00edsicas en lo que respecta al tratamiento de datos personales y a la libre circulaci\u00f3n de estos datos (RGPD).<\/li>\n\n\n\n<li>La <strong>Ley Org\u00e1nica 3\/2018<\/strong>, de 5 de diciembre, de <strong>Protecci\u00f3n de Datos Personales y garant\u00eda de los derechos digitales (LOPD-GDD)<\/strong>.<\/li>\n\n\n\n<li>El <strong>Real Decreto 1720\/2007<\/strong>, de 21 de diciembre, por el que se aprueba el Reglamento de desarrollo de la Ley Org\u00e1nica 15\/1999, de 13 de diciembre, de Protecci\u00f3n de Datos de Car\u00e1cter Personal (RDLOPD).<\/li>\n\n\n\n<li>La <strong>Ley 34\/2002<\/strong>, de 11 de julio, de <strong>Servicios de la Sociedad de la Informaci\u00f3n y de Comercio Electr\u00f3nico (LSSI-CE)<\/strong>.<\/li>\n<\/ul>\n\n<h3 class=\"wp-block-heading\">Identidad del responsable del tratamiento de los datos personales<\/h3>\n\n<p>El responsable del tratamiento de los datos personales recogidos en <strong>WENDIGO FIN<\/strong> es:<br\/><strong><strong>WENDIGO FIN<\/strong><\/strong> S.L., con NIF <strong>B70680392<\/strong> (en adelante, el Responsable del tratamiento).<\/p>\n\n<p><strong>Datos de contacto:<\/strong><br\/>Direcci\u00f3n: Vallgorguina 2, local 3, 08350 Arenys de Mar, Barcelona<br\/>Tel\u00e9fono: +34 679 731 677<br\/>Correo electr\u00f3nico: <a>info@wendigofin.com<\/a><\/p>\n\n<h3 class=\"wp-block-heading\">Delegado de Protecci\u00f3n de Datos (DPD)<\/h3>\n\n<p>El Delegado de Protecci\u00f3n de Datos (DPD, o DPO por sus siglas en ingl\u00e9s) es el encargado de velar por el cumplimiento de la normativa de protecci\u00f3n de datos a la que est\u00e1 sujeta <strong>WENDIGO FIN<\/strong>.<\/p>\n\n<p>El usuario puede contactar con el DPD designado por el Responsable del tratamiento mediante:<br\/>Tel\u00e9fono: +34 679 731 677<br\/>Correo electr\u00f3nico: <a href=\"mailto:info@wendigofin.com\">info@wendigofin.com<\/a><\/p>\n\n<h3 class=\"wp-block-heading\">Registro de Datos de Car\u00e1cter Personal<\/h3>\n\n<p>En cumplimiento del RGPD y la LOPD-GDD, se informa de que los datos personales recogidos por <strong>WENDIGO FIN<\/strong> mediante los formularios de sus p\u00e1ginas ser\u00e1n incorporados y tratados en nuestros ficheros con la finalidad de facilitar, agilizar y cumplir los compromisos establecidos entre <strong>WENDIGO FIN<\/strong> y el usuario, o el mantenimiento de la relaci\u00f3n establecida en los formularios que este rellene, o para atender una solicitud o consulta suya.<\/p>\n\n<p>Asimismo, y de acuerdo con lo previsto en el RGPD y la LOPD-GDD, salvo que sea aplicable la excepci\u00f3n del art\u00edculo 30.5 del RGPD, se mantiene un <strong>registro de actividades de tratamiento<\/strong> que especifica las finalidades y otras circunstancias establecidas en el RGPD.<\/p>\n\n<h3 class=\"wp-block-heading\">Principios aplicables al tratamiento de los datos personales<\/h3>\n\n<p>El tratamiento de los datos personales del usuario se regir\u00e1 por los principios del art\u00edculo 5 del RGPD y el art\u00edculo 4 y siguientes de la Ley Org\u00e1nica 3\/2018:<\/p>\n\n<ul class=\"wp-block-list\">\n<li><strong>Licitud, lealtad y transparencia:<\/strong> se requerir\u00e1 siempre el consentimiento previo e informado del usuario.<\/li>\n\n\n\n<li><strong>Limitaci\u00f3n de la finalidad:<\/strong> los datos se utilizar\u00e1n solo para finalidades determinadas, expl\u00edcitas y leg\u00edtimas.<\/li>\n\n\n\n<li><strong>Minimizaci\u00f3n de datos:<\/strong> solo se recoger\u00e1n los datos estrictamente necesarios.<\/li>\n\n\n\n<li><strong>Exactitud:<\/strong> los datos deber\u00e1n ser exactos y estar actualizados.<\/li>\n\n\n\n<li><strong>Limitaci\u00f3n del plazo de conservaci\u00f3n:<\/strong> los datos solo se conservar\u00e1n el tiempo necesario para su finalidad.<\/li>\n\n\n\n<li><strong>Integritat i confidencialitat:<\/strong> se garantizar\u00e1 la seguridad y confidencialidad de los datos.<\/li>\n\n\n\n<li><strong>Responsabilitat proactiva:<\/strong> el Responsable del tratamiento velar\u00e1 por el cumplimiento de estos principios.<\/li>\n<\/ul>\n\n<h3 class=\"wp-block-heading\">Categor\u00edas de datos personales<\/h3>\n\n<p>Los datos tratados son <strong>\u00fanicamente identificativos<\/strong>. En ning\u00fan caso se tratan categor\u00edas especiales de datos personales seg\u00fan el art\u00edculo 9 del RGPD. <\/p>\n\n<h3 class=\"wp-block-heading\">Base legal para el tratamiento de los datos personales<\/h3>\n\n<p>La base legal para el tratamiento es el <strong>consentimiento<\/strong> del usuario, que ser\u00e1 recogido de manera expresa y verificable. El usuario puede retirarlo en cualquier momento, sin que ello afecte al uso general del sitio web. <\/p>\n\n<h3 class=\"wp-block-heading\">Finalidades del tratamiento<\/h3>\n\n<p>Los datos personales son recogidos para <strong>facilitar, agilizar y cumplir<\/strong> los compromisos establecidos entre el sitio web y el usuario, o para atender solicitudes o consultas.<\/p>\n\n<p>Tambi\u00e9n pueden utilizarse con finalidades <strong>comerciales, estad\u00edsticas o de marketing<\/strong>, para mejorar la calidad, el funcionamiento y la navegaci\u00f3n del sitio web.<\/p>\n\n<h3 class=\"wp-block-heading\">Plazos de conservaci\u00f3n<\/h3>\n\n<p>Los datos personales se conservar\u00e1n <strong>solo el tiempo necesario<\/strong> para las finalidades de su tratamiento o hasta que el usuario solicite su supresi\u00f3n.<\/p>\n\n<h3 class=\"wp-block-heading\">Destinatarios de los datos personales<\/h3>\n\n<p>Los datos personales del usuario <strong>no ser\u00e1n compartidos con terceros<\/strong>.<br\/>Si se prev\u00e9 una transferencia internacional de datos, el usuario ser\u00e1 informado previamente.<\/p>\n\n<h3 class=\"wp-block-heading\">Datos personales de menores de edad<\/h3>\n\n<p>Solo los <strong>mayores de 14 a\u00f1os<\/strong> pueden consentir el tratamiento de sus datos. En caso de menores, ser\u00e1 necesario el <strong>consentimiento de los padres o tutores<\/strong>. <\/p>\n\n<h3 class=\"wp-block-heading\">Secreto y seguridad de los datos personales<\/h3>\n\n<p><strong>WENDIGO FIN<\/strong> se compromete a aplicar las <strong>medidas t\u00e9cnicas y organizativas necesarias<\/strong> para garantizar la seguridad de los datos y evitar su destrucci\u00f3n, p\u00e9rdida, alteraci\u00f3n o acceso no autorizado.<\/p>\n\n<p>Aun as\u00ed, no puede garantizarse la invulnerabilidad absoluta de internet. En caso de violaci\u00f3n de seguridad, el Responsable del tratamiento lo comunicar\u00e1 sin demora indebida al usuario. <\/p>\n\n<p>Los datos ser\u00e1n tratados como <strong>confidenciales<\/strong>, y esta obligaci\u00f3n ser\u00e1 trasladada a empleados y colaboradores.<\/p>\n\n<h3 class=\"wp-block-heading\">Derechos del usuario<\/h3>\n\n<p>El usuario puede ejercer los siguientes derechos:<\/p>\n\n<ul class=\"wp-block-list\">\n<li><strong>Acceso:<\/strong> saber si se tratan sus datos y obtener una copia.<\/li>\n\n\n\n<li><strong>Rectificaci\u00f3n:<\/strong> modificar datos inexactos o incompletos.<\/li>\n\n\n\n<li><strong>Supresi\u00f3n:<\/strong> eliminar datos cuando ya no sean necesarios o se haya retirado el consentimiento.<\/li>\n\n\n\n<li><strong>Limitaci\u00f3n del tratamiento:<\/strong> restringir su uso en determinadas circunstancias.<\/li>\n\n\n\n<li><strong>Portabilidad:<\/strong> recibir los datos en formato estructurado y transferible.<\/li>\n\n\n\n<li><strong>Oposici\u00f3n:<\/strong> negarse al tratamiento de los datos.<\/li>\n\n\n\n<li><strong>No ser objeto de decisiones automatizadas<\/strong> (incluida la elaboraci\u00f3n de perfiles).<\/li>\n<\/ul>\n\n<p>Para ejercerlos, es necesario enviar una comunicaci\u00f3n con la referencia<br\/><strong>\u00abRGPD-<strong>WENDIGO FIN<\/strong>\u00bb<\/strong>, indicando:<\/p>\n\n<ul class=\"wp-block-list\">\n<li>Nombre y apellidos, y copia del DNI.<\/li>\n\n\n\n<li>Motivo espec\u00edfico de la solicitud.<\/li>\n\n\n\n<li>Domicilio a efectos de notificaci\u00f3n.<\/li>\n\n\n\n<li>Fecha y firma.<\/li>\n\n\n\n<li>Documentaci\u00f3n acreditativa, si procede.<\/li>\n<\/ul>\n\n<p><strong>Direcci\u00f3n postal:<\/strong> Vallgorguina 2, local 3, 08350 Arenys de Mar, Barcelona<br\/><strong>Correo electr\u00f3nico:<\/strong> <a href=\"mailto:info@wendigofin.com\">info@wendigofin.com<\/a><\/p>\n\n<h3 class=\"wp-block-heading\">Enlaces a sitios web de terceros<\/h3>\n\n<p>El sitio web puede tener <strong>enlaces a p\u00e1ginas de terceros<\/strong>. Estos sitios web tienen sus propias pol\u00edticas de privacidad, de las cuales <strong><strong>WENDIGO FIN<\/strong> no es responsable<\/strong>.<\/p>\n\n<h3 class=\"wp-block-heading\">Reclamaciones ante la autoridad de control<\/h3>\n\n<p>Si el usuario considera que existe una vulneraci\u00f3n de la normativa, puede presentar una <strong>reclamaci\u00f3n ante la Agencia Espa\u00f1ola de Protecci\u00f3n de Datos (AEPD)<\/strong>:<br\/><a href=\"http:\/\/www.agpd.es\">http:\/\/www.agpd.es<\/a><\/p>\n\n<p><\/p>\n","protected":false},"excerpt":{"rendered":"<p>Respetando lo establecido en la legislaci\u00f3n vigente, WENDIGO FIN (en adelante, el sitio web) se compromete a adoptar las medidas t\u00e9cnicas y organizativas necesarias, seg\u00fan el nivel de seguridad adecuado al riesgo de los datos recogidos. Leyes que incorpora esta pol\u00edtica de privacidad Esta pol\u00edtica de privacidad se adapta a la normativa espa\u00f1ola y europea [&hellip;]<\/p>\n","protected":false},"author":1,"featured_media":0,"parent":0,"menu_order":0,"comment_status":"closed","ping_status":"closed","template":"","meta":{"inline_featured_image":false,"footnotes":""},"class_list":["post-337","page","type-page","status-publish","hentry"],"yoast_head":"<!-- This site is optimized with the Yoast SEO plugin v27.4 - https:\/\/yoast.com\/product\/yoast-seo-wordpress\/ -->\n<title>Pol\u00edtica de privacidad - Wendigo Fin - Outsourcing Financer<\/title>\n<meta name=\"robots\" content=\"noindex, nofollow\" \/>\n<meta property=\"og:locale\" content=\"es_ES\" \/>\n<meta property=\"og:type\" content=\"article\" \/>\n<meta property=\"og:title\" content=\"Pol\u00edtica de privacidad - Wendigo Fin - Outsourcing Financer\" \/>\n<meta property=\"og:description\" content=\"Respetando lo establecido en la legislaci\u00f3n vigente, WENDIGO FIN (en adelante, el sitio web) se compromete a adoptar las medidas t\u00e9cnicas y organizativas necesarias, seg\u00fan el nivel de seguridad adecuado al riesgo de los datos recogidos. Leyes que incorpora esta pol\u00edtica de privacidad Esta pol\u00edtica de privacidad se adapta a la normativa espa\u00f1ola y europea [&hellip;]\" \/>\n<meta property=\"og:url\" content=\"https:\/\/wendigofin.com\/es\/politica-de-privacidad\/\" \/>\n<meta property=\"og:site_name\" content=\"Wendigo Fin - Outsourcing Financer\" \/>\n<meta property=\"article:modified_time\" content=\"2025-12-16T08:13:22+00:00\" \/>\n<meta property=\"og:image\" content=\"https:\/\/wendigofin.com\/wp-content\/uploads\/2025\/10\/wendigo_fin_web.jpg\" \/>\n\t<meta property=\"og:image:width\" content=\"1200\" \/>\n\t<meta property=\"og:image:height\" content=\"675\" \/>\n\t<meta property=\"og:image:type\" content=\"image\/jpeg\" \/>\n<meta name=\"twitter:card\" content=\"summary_large_image\" \/>\n<script type=\"application\/ld+json\" class=\"yoast-schema-graph\">{\"@context\":\"https:\\\/\\\/schema.org\",\"@graph\":[{\"@type\":\"WebPage\",\"@id\":\"https:\\\/\\\/wendigofin.com\\\/es\\\/politica-de-privacidad\\\/\",\"url\":\"https:\\\/\\\/wendigofin.com\\\/es\\\/politica-de-privacidad\\\/\",\"name\":\"Pol\u00edtica de privacidad - Wendigo Fin - Outsourcing Financer\",\"isPartOf\":{\"@id\":\"https:\\\/\\\/wendigofin.com\\\/es\\\/#website\"},\"datePublished\":\"2025-10-01T10:02:24+00:00\",\"dateModified\":\"2025-12-16T08:13:22+00:00\",\"breadcrumb\":{\"@id\":\"https:\\\/\\\/wendigofin.com\\\/es\\\/politica-de-privacidad\\\/#breadcrumb\"},\"inLanguage\":\"es\",\"potentialAction\":[{\"@type\":\"ReadAction\",\"target\":[\"https:\\\/\\\/wendigofin.com\\\/es\\\/politica-de-privacidad\\\/\"]}]},{\"@type\":\"BreadcrumbList\",\"@id\":\"https:\\\/\\\/wendigofin.com\\\/es\\\/politica-de-privacidad\\\/#breadcrumb\",\"itemListElement\":[{\"@type\":\"ListItem\",\"position\":1,\"name\":\"Inicio\",\"item\":\"https:\\\/\\\/wendigofin.com\\\/es\\\/inicio\\\/\"},{\"@type\":\"ListItem\",\"position\":2,\"name\":\"Pol\u00edtica de privacidad\"}]},{\"@type\":\"WebSite\",\"@id\":\"https:\\\/\\\/wendigofin.com\\\/es\\\/#website\",\"url\":\"https:\\\/\\\/wendigofin.com\\\/es\\\/\",\"name\":\"Wendigo Fin - Outsourcing Financer\",\"description\":\"Assessoria i direcci\u00f3 financera\",\"publisher\":{\"@id\":\"https:\\\/\\\/wendigofin.com\\\/es\\\/#organization\"},\"potentialAction\":[{\"@type\":\"SearchAction\",\"target\":{\"@type\":\"EntryPoint\",\"urlTemplate\":\"https:\\\/\\\/wendigofin.com\\\/es\\\/?s={search_term_string}\"},\"query-input\":{\"@type\":\"PropertyValueSpecification\",\"valueRequired\":true,\"valueName\":\"search_term_string\"}}],\"inLanguage\":\"es\"},{\"@type\":\"Organization\",\"@id\":\"https:\\\/\\\/wendigofin.com\\\/es\\\/#organization\",\"name\":\"Wendigo Fin - Outsourcing Financiero\",\"url\":\"https:\\\/\\\/wendigofin.com\\\/es\\\/\",\"logo\":{\"@type\":\"ImageObject\",\"inLanguage\":\"es\",\"@id\":\"https:\\\/\\\/wendigofin.com\\\/es\\\/#\\\/schema\\\/logo\\\/image\\\/\",\"url\":\"https:\\\/\\\/wendigofin.com\\\/wp-content\\\/uploads\\\/2025\\\/10\\\/logo_wendigofin.png\",\"contentUrl\":\"https:\\\/\\\/wendigofin.com\\\/wp-content\\\/uploads\\\/2025\\\/10\\\/logo_wendigofin.png\",\"width\":329,\"height\":92,\"caption\":\"Wendigo Fin - Outsourcing Financiero\"},\"image\":{\"@id\":\"https:\\\/\\\/wendigofin.com\\\/es\\\/#\\\/schema\\\/logo\\\/image\\\/\"}}]}<\/script>\n<!-- \/ Yoast SEO plugin. -->","yoast_head_json":{"title":"Pol\u00edtica de privacidad - Wendigo Fin - Outsourcing Financer","robots":{"index":"noindex","follow":"nofollow"},"og_locale":"es_ES","og_type":"article","og_title":"Pol\u00edtica de privacidad - Wendigo Fin - Outsourcing Financer","og_description":"Respetando lo establecido en la legislaci\u00f3n vigente, WENDIGO FIN (en adelante, el sitio web) se compromete a adoptar las medidas t\u00e9cnicas y organizativas necesarias, seg\u00fan el nivel de seguridad adecuado al riesgo de los datos recogidos. Leyes que incorpora esta pol\u00edtica de privacidad Esta pol\u00edtica de privacidad se adapta a la normativa espa\u00f1ola y europea [&hellip;]","og_url":"https:\/\/wendigofin.com\/es\/politica-de-privacidad\/","og_site_name":"Wendigo Fin - Outsourcing Financer","article_modified_time":"2025-12-16T08:13:22+00:00","og_image":[{"width":1200,"height":675,"url":"https:\/\/wendigofin.com\/wp-content\/uploads\/2025\/10\/wendigo_fin_web.jpg","type":"image\/jpeg"}],"twitter_card":"summary_large_image","schema":{"@context":"https:\/\/schema.org","@graph":[{"@type":"WebPage","@id":"https:\/\/wendigofin.com\/es\/politica-de-privacidad\/","url":"https:\/\/wendigofin.com\/es\/politica-de-privacidad\/","name":"Pol\u00edtica de privacidad - Wendigo Fin - Outsourcing Financer","isPartOf":{"@id":"https:\/\/wendigofin.com\/es\/#website"},"datePublished":"2025-10-01T10:02:24+00:00","dateModified":"2025-12-16T08:13:22+00:00","breadcrumb":{"@id":"https:\/\/wendigofin.com\/es\/politica-de-privacidad\/#breadcrumb"},"inLanguage":"es","potentialAction":[{"@type":"ReadAction","target":["https:\/\/wendigofin.com\/es\/politica-de-privacidad\/"]}]},{"@type":"BreadcrumbList","@id":"https:\/\/wendigofin.com\/es\/politica-de-privacidad\/#breadcrumb","itemListElement":[{"@type":"ListItem","position":1,"name":"Inicio","item":"https:\/\/wendigofin.com\/es\/inicio\/"},{"@type":"ListItem","position":2,"name":"Pol\u00edtica de privacidad"}]},{"@type":"WebSite","@id":"https:\/\/wendigofin.com\/es\/#website","url":"https:\/\/wendigofin.com\/es\/","name":"Wendigo Fin - Outsourcing Financer","description":"Assessoria i direcci\u00f3 financera","publisher":{"@id":"https:\/\/wendigofin.com\/es\/#organization"},"potentialAction":[{"@type":"SearchAction","target":{"@type":"EntryPoint","urlTemplate":"https:\/\/wendigofin.com\/es\/?s={search_term_string}"},"query-input":{"@type":"PropertyValueSpecification","valueRequired":true,"valueName":"search_term_string"}}],"inLanguage":"es"},{"@type":"Organization","@id":"https:\/\/wendigofin.com\/es\/#organization","name":"Wendigo Fin - Outsourcing Financiero","url":"https:\/\/wendigofin.com\/es\/","logo":{"@type":"ImageObject","inLanguage":"es","@id":"https:\/\/wendigofin.com\/es\/#\/schema\/logo\/image\/","url":"https:\/\/wendigofin.com\/wp-content\/uploads\/2025\/10\/logo_wendigofin.png","contentUrl":"https:\/\/wendigofin.com\/wp-content\/uploads\/2025\/10\/logo_wendigofin.png","width":329,"height":92,"caption":"Wendigo Fin - Outsourcing Financiero"},"image":{"@id":"https:\/\/wendigofin.com\/es\/#\/schema\/logo\/image\/"}}]}},"_links":{"self":[{"href":"https:\/\/wendigofin.com\/es\/wp-json\/wp\/v2\/pages\/337","targetHints":{"allow":["GET"]}}],"collection":[{"href":"https:\/\/wendigofin.com\/es\/wp-json\/wp\/v2\/pages"}],"about":[{"href":"https:\/\/wendigofin.com\/es\/wp-json\/wp\/v2\/types\/page"}],"author":[{"embeddable":true,"href":"https:\/\/wendigofin.com\/es\/wp-json\/wp\/v2\/users\/1"}],"replies":[{"embeddable":true,"href":"https:\/\/wendigofin.com\/es\/wp-json\/wp\/v2\/comments?post=337"}],"version-history":[{"count":2,"href":"https:\/\/wendigofin.com\/es\/wp-json\/wp\/v2\/pages\/337\/revisions"}],"predecessor-version":[{"id":415,"href":"https:\/\/wendigofin.com\/es\/wp-json\/wp\/v2\/pages\/337\/revisions\/415"}],"wp:attachment":[{"href":"https:\/\/wendigofin.com\/es\/wp-json\/wp\/v2\/media?parent=337"}],"curies":[{"name":"wp","href":"https:\/\/api.w.org\/{rel}","templated":true}]}}