{"id":330,"date":"2025-10-01T10:02:53","date_gmt":"2025-10-01T10:02:53","guid":{"rendered":"https:\/\/wendigofin.com\/politica-de-cookies\/"},"modified":"2025-12-16T08:28:03","modified_gmt":"2025-12-16T08:28:03","slug":"politica-de-cookies","status":"publish","type":"page","link":"https:\/\/wendigofin.com\/es\/politica-de-cookies\/","title":{"rendered":"Pol\u00edtica de cookies"},"content":{"rendered":"\n<h4 class=\"wp-block-heading\">1. \u00bfQu\u00e9 son las cookies?<\/h4>\n\n<p>Las cookies son <strong>peque\u00f1os archivos de texto<\/strong> que se guardan en tu dispositivo cuando visitas un sitio web. Estas cookies pueden ser propias o de terceros y ayudan a que la web funcione correctamente o para recopilar informaci\u00f3n sobre tu navegaci\u00f3n. <\/p>\n\n<p><\/p>\n\n<h4 class=\"wp-block-heading\">2. Consentimiento y control<\/h4>\n\n<p>Al visitar esta web, se te ofrece un <strong>banner de cookies<\/strong> con la posibilidad de aceptar o rechazar las diferentes categor\u00edas de cookies (excepto las estrictamente necesarias). No instalamos cookies no esenciales sin tu consentimiento previo. <\/p>\n\n<p>Puedes gestionar o retirar tu consentimiento en cualquier momento desde el <strong>configurador de cookies<\/strong> del sitio.<\/p>\n\n<p><\/p>\n\n<h4 class=\"wp-block-heading\">3. Tipos de cookies utilizadas<\/h4>\n\n<p><strong>Cookies t\u00e9cnicas o funcionales<\/strong><\/p>\n\n<p>Estas cookies son esenciales para permitir la <strong>navegaci\u00f3n y el uso de funcionalidades b\u00e1sicas<\/strong> (por ejemplo, recordar tu sesi\u00f3n o idioma). No requieren consentimiento, pero siempre se informa de su existencia.  <\/p>\n\n<p><strong>Cookies de preferencias<\/strong><\/p>\n\n<p>Almacenan elecciones que hace el usuario (como configuraci\u00f3n de idioma o personalizaciones de visualizaci\u00f3n). <\/p>\n\n<p><strong>Cookies de estad\u00edsticas \/ anal\u00edticas<\/strong><\/p>\n\n<p>Recogen datos sobre c\u00f3mo utilizas la web (p\u00e1ginas vistas, duraci\u00f3n de la visita, etc.) para <strong>mejorar la experiencia<\/strong> y el servicio. Estos datos son, en general, <strong>an\u00f3nimos<\/strong>.  <\/p>\n\n<p><strong>Cookies de marketing \/ publicidad<\/strong><\/p>\n\n<p>Utilizadas para crear perfiles de usuario con la finalidad de mostrar <strong>publicidad personalizada<\/strong> o hacer seguimiento publicitario a trav\u00e9s de diferentes sesiones y plataformas. <\/p>\n\n<p><\/p>\n\n<p><strong>Cookies de este sitio web:<\/strong><\/p>\n\n<figure class=\"wp-block-table\"><table class=\"has-fixed-layout\"><thead><tr><th>Nombre de la cookie<\/th><th>Proveedor \/ Origen<\/th><th>Finalidad<\/th><th>Tipo<\/th><th>Caducidad<\/th><th>Necesario<\/th><\/tr><\/thead><tbody><tr><td><code>wordpress_logged_in_*<\/code><\/td><td>WordPress<\/td><td>Identifica a un usuario autenticado para mantener la sesi\u00f3n<\/td><td>Funcional \/ t\u00e9cnica<\/td><td>Sesi\u00f3n<\/td><td>S\u00ed<\/td><\/tr><tr><td><code>wordpress_sec_*<\/code><\/td><td>WordPress<\/td><td>Seguridad de la sesi\u00f3n<\/td><td>Funcional \/ t\u00e9cnica<\/td><td>Sesi\u00f3n<\/td><td>S\u00ed<\/td><\/tr><tr><td><code>wp-settings-*<\/code><\/td><td>WordPress<\/td><td>Recuerda las preferencias de administraci\u00f3n del backend<\/td><td>Preferencias<\/td><td>1 a\u00f1o<\/td><td>No<\/td><\/tr><tr><td><code>wp-settings-time-*<\/code><\/td><td>WordPress<\/td><td>Controla el tiempo de personalizaci\u00f3n del usuario<\/td><td>Preferencias<\/td><td>1 a\u00f1o<\/td><td>No<\/td><\/tr><tr><td><code>elementor<\/code><\/td><td>Elementor<\/td><td>Permite el funcionamiento de los formularios y personalizaci\u00f3n<\/td><td>Funcional \/ t\u00e9cnica<\/td><td>Sesi\u00f3n<\/td><td>S\u00ed<\/td><\/tr><tr><td><code>_ga<\/code><\/td><td>Google Analytics<\/td><td>Distinguir usuarios \u00fanicos para analizar el tr\u00e1fico web<\/td><td>Anal\u00edtica \/ estad\u00edstica<\/td><td>2 a\u00f1os<\/td><td>No<\/td><\/tr><tr><td><code>_gid<\/code><\/td><td>Google Analytics<\/td><td>Diferenciar usuarios por 24h para recopilar datos estad\u00edsticos<\/td><td>Anal\u00edtica \/ estad\u00edstica<\/td><td>24 horas<\/td><td>No<\/td><\/tr><tr><td><code>_gat<\/code><\/td><td>Google Analytics<\/td><td>Control de la velocidad de peticiones a GA<\/td><td>Anal\u00edtica \/ estad\u00edstica<\/td><td>1 minuto<\/td><td>No<\/td><\/tr><tr><td><code>viewed_cookie_policy<\/code><\/td><td>WordPress \/ Cookie Consent<\/td><td>Recuerda si el usuario ha aceptado las cookies<\/td><td>Funcional \/ t\u00e9cnica<\/td><td>1 a\u00f1o<\/td><td>S\u00ed<\/td><\/tr><\/tbody><\/table><\/figure>\n\n<h4 class=\"wp-block-heading\">4. Cookies de terceros<\/h4>\n\n<p>Algunos servicios externos (como herramientas de an\u00e1lisis, plataformas de publicidad o redes sociales) pueden instalar cookies a trav\u00e9s de nuestro sitio cuando aceptas ciertas categor\u00edas. Estas cookies y su tratamiento est\u00e1n sujetos a las <strong>pol\u00edticas de privacidad de los proveedores terceros<\/strong>. <\/p>\n\n<p>Ejemplos habituales:<\/p>\n\n<ul class=\"wp-block-list\">\n<li>Plataformas de an\u00e1lisis de tr\u00e1fico an\u00f3nimo<\/li>\n\n\n\n<li>Redes sociales que permiten compartir o seguir contenido<\/li>\n<\/ul>\n\n<p><\/p>\n\n<h4 class=\"wp-block-heading\">5. C\u00f3mo gestionar o eliminar cookies<\/h4>\n\n<p>Puedes configurar tu navegador para <strong>bloquear, eliminar o desactivar cookies<\/strong> en cualquier momento. Esto puede afectar algunas funcionalidades del sitio. Tambi\u00e9n puedes actualizar tus preferencias desde el <strong>gestor de cookies<\/strong> de la web.  <\/p>\n\n<p><\/p>\n\n<h4 class=\"wp-block-heading\">6. Cambios en la pol\u00edtica de cookies<\/h4>\n\n<p>La presente pol\u00edtica puede ser modificada en cualquier momento para cumplir con nuevas leyes o cambios de servicios. Te recomendamos revisar esta p\u00e1gina peri\u00f3dicamente. <\/p>\n","protected":false},"excerpt":{"rendered":"<p>1. \u00bfQu\u00e9 son las cookies? Las cookies son peque\u00f1os archivos de texto que se guardan en tu dispositivo cuando visitas un sitio web. Estas cookies pueden ser propias o de terceros y ayudan a que la web funcione correctamente o para recopilar informaci\u00f3n sobre tu navegaci\u00f3n. 2. Consentimiento y control Al visitar esta web, se [&hellip;]<\/p>\n","protected":false},"author":1,"featured_media":0,"parent":0,"menu_order":0,"comment_status":"closed","ping_status":"closed","template":"","meta":{"inline_featured_image":false,"footnotes":""},"class_list":["post-330","page","type-page","status-publish","hentry"],"yoast_head":"<!-- This site is optimized with the Yoast SEO plugin v27.4 - https:\/\/yoast.com\/product\/yoast-seo-wordpress\/ -->\n<title>Pol\u00edtica de cookies - Wendigo Fin - Outsourcing Financer<\/title>\n<meta name=\"robots\" content=\"noindex, nofollow\" \/>\n<meta property=\"og:locale\" content=\"es_ES\" \/>\n<meta property=\"og:type\" content=\"article\" \/>\n<meta property=\"og:title\" content=\"Pol\u00edtica de cookies - Wendigo Fin - Outsourcing Financer\" \/>\n<meta property=\"og:description\" content=\"1. \u00bfQu\u00e9 son las cookies? Las cookies son peque\u00f1os archivos de texto que se guardan en tu dispositivo cuando visitas un sitio web. Estas cookies pueden ser propias o de terceros y ayudan a que la web funcione correctamente o para recopilar informaci\u00f3n sobre tu navegaci\u00f3n. 2. Consentimiento y control Al visitar esta web, se [&hellip;]\" \/>\n<meta property=\"og:url\" content=\"https:\/\/wendigofin.com\/es\/politica-de-cookies\/\" \/>\n<meta property=\"og:site_name\" content=\"Wendigo Fin - Outsourcing Financer\" \/>\n<meta property=\"article:modified_time\" content=\"2025-12-16T08:28:03+00:00\" \/>\n<meta property=\"og:image\" content=\"https:\/\/wendigofin.com\/wp-content\/uploads\/2025\/10\/wendigo_fin_web.jpg\" \/>\n\t<meta property=\"og:image:width\" content=\"1200\" \/>\n\t<meta property=\"og:image:height\" content=\"675\" \/>\n\t<meta property=\"og:image:type\" content=\"image\/jpeg\" \/>\n<meta name=\"twitter:card\" content=\"summary_large_image\" \/>\n<script type=\"application\/ld+json\" class=\"yoast-schema-graph\">{\"@context\":\"https:\\\/\\\/schema.org\",\"@graph\":[{\"@type\":\"WebPage\",\"@id\":\"https:\\\/\\\/wendigofin.com\\\/es\\\/politica-de-cookies\\\/\",\"url\":\"https:\\\/\\\/wendigofin.com\\\/es\\\/politica-de-cookies\\\/\",\"name\":\"Pol\u00edtica de cookies - Wendigo Fin - Outsourcing Financer\",\"isPartOf\":{\"@id\":\"https:\\\/\\\/wendigofin.com\\\/es\\\/#website\"},\"datePublished\":\"2025-10-01T10:02:53+00:00\",\"dateModified\":\"2025-12-16T08:28:03+00:00\",\"breadcrumb\":{\"@id\":\"https:\\\/\\\/wendigofin.com\\\/es\\\/politica-de-cookies\\\/#breadcrumb\"},\"inLanguage\":\"es\",\"potentialAction\":[{\"@type\":\"ReadAction\",\"target\":[\"https:\\\/\\\/wendigofin.com\\\/es\\\/politica-de-cookies\\\/\"]}]},{\"@type\":\"BreadcrumbList\",\"@id\":\"https:\\\/\\\/wendigofin.com\\\/es\\\/politica-de-cookies\\\/#breadcrumb\",\"itemListElement\":[{\"@type\":\"ListItem\",\"position\":1,\"name\":\"Inicio\",\"item\":\"https:\\\/\\\/wendigofin.com\\\/es\\\/inicio\\\/\"},{\"@type\":\"ListItem\",\"position\":2,\"name\":\"Pol\u00edtica de cookies\"}]},{\"@type\":\"WebSite\",\"@id\":\"https:\\\/\\\/wendigofin.com\\\/es\\\/#website\",\"url\":\"https:\\\/\\\/wendigofin.com\\\/es\\\/\",\"name\":\"Wendigo Fin - Outsourcing Financer\",\"description\":\"Assessoria i direcci\u00f3 financera\",\"publisher\":{\"@id\":\"https:\\\/\\\/wendigofin.com\\\/es\\\/#organization\"},\"potentialAction\":[{\"@type\":\"SearchAction\",\"target\":{\"@type\":\"EntryPoint\",\"urlTemplate\":\"https:\\\/\\\/wendigofin.com\\\/es\\\/?s={search_term_string}\"},\"query-input\":{\"@type\":\"PropertyValueSpecification\",\"valueRequired\":true,\"valueName\":\"search_term_string\"}}],\"inLanguage\":\"es\"},{\"@type\":\"Organization\",\"@id\":\"https:\\\/\\\/wendigofin.com\\\/es\\\/#organization\",\"name\":\"Wendigo Fin - Outsourcing Financiero\",\"url\":\"https:\\\/\\\/wendigofin.com\\\/es\\\/\",\"logo\":{\"@type\":\"ImageObject\",\"inLanguage\":\"es\",\"@id\":\"https:\\\/\\\/wendigofin.com\\\/es\\\/#\\\/schema\\\/logo\\\/image\\\/\",\"url\":\"https:\\\/\\\/wendigofin.com\\\/wp-content\\\/uploads\\\/2025\\\/10\\\/logo_wendigofin.png\",\"contentUrl\":\"https:\\\/\\\/wendigofin.com\\\/wp-content\\\/uploads\\\/2025\\\/10\\\/logo_wendigofin.png\",\"width\":329,\"height\":92,\"caption\":\"Wendigo Fin - Outsourcing Financiero\"},\"image\":{\"@id\":\"https:\\\/\\\/wendigofin.com\\\/es\\\/#\\\/schema\\\/logo\\\/image\\\/\"}}]}<\/script>\n<!-- \/ Yoast SEO plugin. -->","yoast_head_json":{"title":"Pol\u00edtica de cookies - Wendigo Fin - Outsourcing Financer","robots":{"index":"noindex","follow":"nofollow"},"og_locale":"es_ES","og_type":"article","og_title":"Pol\u00edtica de cookies - Wendigo Fin - Outsourcing Financer","og_description":"1. \u00bfQu\u00e9 son las cookies? Las cookies son peque\u00f1os archivos de texto que se guardan en tu dispositivo cuando visitas un sitio web. Estas cookies pueden ser propias o de terceros y ayudan a que la web funcione correctamente o para recopilar informaci\u00f3n sobre tu navegaci\u00f3n. 2. Consentimiento y control Al visitar esta web, se [&hellip;]","og_url":"https:\/\/wendigofin.com\/es\/politica-de-cookies\/","og_site_name":"Wendigo Fin - Outsourcing Financer","article_modified_time":"2025-12-16T08:28:03+00:00","og_image":[{"width":1200,"height":675,"url":"https:\/\/wendigofin.com\/wp-content\/uploads\/2025\/10\/wendigo_fin_web.jpg","type":"image\/jpeg"}],"twitter_card":"summary_large_image","schema":{"@context":"https:\/\/schema.org","@graph":[{"@type":"WebPage","@id":"https:\/\/wendigofin.com\/es\/politica-de-cookies\/","url":"https:\/\/wendigofin.com\/es\/politica-de-cookies\/","name":"Pol\u00edtica de cookies - Wendigo Fin - Outsourcing Financer","isPartOf":{"@id":"https:\/\/wendigofin.com\/es\/#website"},"datePublished":"2025-10-01T10:02:53+00:00","dateModified":"2025-12-16T08:28:03+00:00","breadcrumb":{"@id":"https:\/\/wendigofin.com\/es\/politica-de-cookies\/#breadcrumb"},"inLanguage":"es","potentialAction":[{"@type":"ReadAction","target":["https:\/\/wendigofin.com\/es\/politica-de-cookies\/"]}]},{"@type":"BreadcrumbList","@id":"https:\/\/wendigofin.com\/es\/politica-de-cookies\/#breadcrumb","itemListElement":[{"@type":"ListItem","position":1,"name":"Inicio","item":"https:\/\/wendigofin.com\/es\/inicio\/"},{"@type":"ListItem","position":2,"name":"Pol\u00edtica de cookies"}]},{"@type":"WebSite","@id":"https:\/\/wendigofin.com\/es\/#website","url":"https:\/\/wendigofin.com\/es\/","name":"Wendigo Fin - Outsourcing Financer","description":"Assessoria i direcci\u00f3 financera","publisher":{"@id":"https:\/\/wendigofin.com\/es\/#organization"},"potentialAction":[{"@type":"SearchAction","target":{"@type":"EntryPoint","urlTemplate":"https:\/\/wendigofin.com\/es\/?s={search_term_string}"},"query-input":{"@type":"PropertyValueSpecification","valueRequired":true,"valueName":"search_term_string"}}],"inLanguage":"es"},{"@type":"Organization","@id":"https:\/\/wendigofin.com\/es\/#organization","name":"Wendigo Fin - Outsourcing Financiero","url":"https:\/\/wendigofin.com\/es\/","logo":{"@type":"ImageObject","inLanguage":"es","@id":"https:\/\/wendigofin.com\/es\/#\/schema\/logo\/image\/","url":"https:\/\/wendigofin.com\/wp-content\/uploads\/2025\/10\/logo_wendigofin.png","contentUrl":"https:\/\/wendigofin.com\/wp-content\/uploads\/2025\/10\/logo_wendigofin.png","width":329,"height":92,"caption":"Wendigo Fin - Outsourcing Financiero"},"image":{"@id":"https:\/\/wendigofin.com\/es\/#\/schema\/logo\/image\/"}}]}},"_links":{"self":[{"href":"https:\/\/wendigofin.com\/es\/wp-json\/wp\/v2\/pages\/330","targetHints":{"allow":["GET"]}}],"collection":[{"href":"https:\/\/wendigofin.com\/es\/wp-json\/wp\/v2\/pages"}],"about":[{"href":"https:\/\/wendigofin.com\/es\/wp-json\/wp\/v2\/types\/page"}],"author":[{"embeddable":true,"href":"https:\/\/wendigofin.com\/es\/wp-json\/wp\/v2\/users\/1"}],"replies":[{"embeddable":true,"href":"https:\/\/wendigofin.com\/es\/wp-json\/wp\/v2\/comments?post=330"}],"version-history":[{"count":2,"href":"https:\/\/wendigofin.com\/es\/wp-json\/wp\/v2\/pages\/330\/revisions"}],"predecessor-version":[{"id":426,"href":"https:\/\/wendigofin.com\/es\/wp-json\/wp\/v2\/pages\/330\/revisions\/426"}],"wp:attachment":[{"href":"https:\/\/wendigofin.com\/es\/wp-json\/wp\/v2\/media?parent=330"}],"curies":[{"name":"wp","href":"https:\/\/api.w.org\/{rel}","templated":true}]}}