{"id":324,"date":"2025-10-01T09:50:23","date_gmt":"2025-10-01T09:50:23","guid":{"rendered":"https:\/\/wendigofin.com\/servicios\/"},"modified":"2025-10-28T07:58:28","modified_gmt":"2025-10-28T07:58:28","slug":"servicios","status":"publish","type":"page","link":"https:\/\/wendigofin.com\/es\/servicios\/","title":{"rendered":"Servicios"},"content":{"rendered":"\t\t<div data-elementor-type=\"wp-page\" data-elementor-id=\"324\" class=\"elementor elementor-324 elementor-140\" data-elementor-post-type=\"page\">\n\t\t\t\t<div class=\"elementor-element elementor-element-72b2628 e-flex e-con-boxed e-con e-parent\" data-id=\"72b2628\" data-element_type=\"container\" data-e-type=\"container\" data-settings=\"{&quot;background_background&quot;:&quot;classic&quot;}\">\n\t\t\t\t\t<div class=\"e-con-inner\">\n\t\t<div class=\"elementor-element elementor-element-cb7c7dd e-con-full e-flex e-con e-child\" data-id=\"cb7c7dd\" data-element_type=\"container\" data-e-type=\"container\">\n\t\t\t\t<div class=\"elementor-element elementor-element-e7e0ce9 elementor-widget elementor-widget-image\" data-id=\"e7e0ce9\" data-element_type=\"widget\" data-e-type=\"widget\" data-widget_type=\"image.default\">\n\t\t\t\t\t\t\t\t\t\t\t\t\t\t\t<img fetchpriority=\"high\" decoding=\"async\" width=\"800\" height=\"800\" src=\"https:\/\/wendigofin.com\/wp-content\/uploads\/2025\/10\/img_home_2x.png\" class=\"attachment-large size-large wp-image-325\" alt=\"\" srcset=\"https:\/\/wendigofin.com\/wp-content\/uploads\/2025\/10\/img_home_2x.png 844w, https:\/\/wendigofin.com\/wp-content\/uploads\/2025\/10\/img_home_2x-300x300.png 300w, https:\/\/wendigofin.com\/wp-content\/uploads\/2025\/10\/img_home_2x-150x150.png 150w, https:\/\/wendigofin.com\/wp-content\/uploads\/2025\/10\/img_home_2x-768x768.png 768w\" sizes=\"(max-width: 800px) 100vw, 800px\" \/>\t\t\t\t\t\t\t\t\t\t\t\t\t\t\t<\/div>\n\t\t\t\t<\/div>\n\t\t<div class=\"elementor-element elementor-element-8464c04 e-con-full e-flex e-con e-child\" data-id=\"8464c04\" data-element_type=\"container\" data-e-type=\"container\">\n\t\t\t\t<div class=\"elementor-element elementor-element-58aae28 elementor-widget elementor-widget-heading\" data-id=\"58aae28\" data-element_type=\"widget\" data-e-type=\"widget\" data-widget_type=\"heading.default\">\n\t\t\t\t\t<h1 class=\"elementor-heading-title elementor-size-default\">Soluciones financieras adaptadas a su empresa.<\/h1>\t\t\t\t<\/div>\n\t\t\t\t<div class=\"elementor-element elementor-element-865cd91 elementor-widget elementor-widget-button\" data-id=\"865cd91\" data-element_type=\"widget\" data-e-type=\"widget\" data-widget_type=\"button.default\">\n\t\t\t\t\t\t\t\t\t\t<a class=\"elementor-button elementor-button-link elementor-size-sm\" href=\"https:\/\/wendigofin.com\/contacto\/\">\n\t\t\t\t\t\t<span class=\"elementor-button-content-wrapper\">\n\t\t\t\t\t\t\t\t\t<span class=\"elementor-button-text\">hablemos<\/span>\n\t\t\t\t\t<\/span>\n\t\t\t\t\t<\/a>\n\t\t\t\t\t\t\t\t<\/div>\n\t\t\t\t<\/div>\n\t\t\t\t\t<\/div>\n\t\t\t\t<\/div>\n\t\t<div class=\"elementor-element elementor-element-257a900 e-flex e-con-boxed e-con e-parent\" data-id=\"257a900\" data-element_type=\"container\" data-e-type=\"container\">\n\t\t\t\t\t<div class=\"e-con-inner\">\n\t\t<div class=\"elementor-element elementor-element-8443d0e e-con-full e-flex e-con e-child\" data-id=\"8443d0e\" data-element_type=\"container\" data-e-type=\"container\">\n\t\t\t\t<div class=\"elementor-element elementor-element-5e478fb elementor-widget elementor-widget-heading\" data-id=\"5e478fb\" data-element_type=\"widget\" data-e-type=\"widget\" data-widget_type=\"heading.default\">\n\t\t\t\t\t<h3 class=\"elementor-heading-title elementor-size-default\">Elija el nivel de soporte que necesita y escale cuando su negocio lo requiera:<\/h3>\t\t\t\t<\/div>\n\t\t\t\t<\/div>\n\t\t<div class=\"elementor-element elementor-element-c8f6866 e-con-full e-flex e-con e-child\" data-id=\"c8f6866\" data-element_type=\"container\" data-e-type=\"container\" data-settings=\"{&quot;background_background&quot;:&quot;classic&quot;}\">\n\t\t\t\t<div class=\"elementor-element elementor-element-daa5c76 elementor-widget elementor-widget-heading\" data-id=\"daa5c76\" data-element_type=\"widget\" data-e-type=\"widget\" data-widget_type=\"heading.default\">\n\t\t\t\t\t<h4 class=\"elementor-heading-title elementor-size-default\">CFO Externalizado:<\/h4>\t\t\t\t<\/div>\n\t\t\t\t<div class=\"elementor-element elementor-element-d2b7835 elementor-widget elementor-widget-text-editor\" data-id=\"d2b7835\" data-element_type=\"widget\" data-e-type=\"widget\" data-widget_type=\"text-editor.default\">\n\t\t\t\t\t\t\t\t\t<p> Direcci\u00f3n financiera estrat\u00e9gica a medida de su pyme: planificaci\u00f3n de tesorer\u00eda, negociaci\u00f3n bancaria, reporting mensual, an\u00e1lisis de m\u00e1rgenes y apoyo en decisiones clave.<\/p>\t\t\t\t\t\t\t\t<\/div>\n\t\t\t\t<\/div>\n\t\t<div class=\"elementor-element elementor-element-fd70f46 e-con-full e-flex e-con e-child\" data-id=\"fd70f46\" data-element_type=\"container\" data-e-type=\"container\" data-settings=\"{&quot;background_background&quot;:&quot;classic&quot;}\">\n\t\t\t\t<div class=\"elementor-element elementor-element-538e045 elementor-widget elementor-widget-heading\" data-id=\"538e045\" data-element_type=\"widget\" data-e-type=\"widget\" data-widget_type=\"heading.default\">\n\t\t\t\t\t<h4 class=\"elementor-heading-title elementor-size-default\">Fiscalidad y Contabilidad:<\/h4>\t\t\t\t<\/div>\n\t\t\t\t<div class=\"elementor-element elementor-element-68ff55d elementor-widget elementor-widget-text-editor\" data-id=\"68ff55d\" data-element_type=\"widget\" data-e-type=\"widget\" data-widget_type=\"text-editor.default\">\n\t\t\t\t\t\t\t\t\t<p> Gesti\u00f3n completa de impuestos, contabilidad y cierres. Cumplimiento normativo y optimizaci\u00f3n fiscal dentro de la legalidad en el marco de Holded.<\/p>\t\t\t\t\t\t\t\t<\/div>\n\t\t\t\t<\/div>\n\t\t\t\t\t<\/div>\n\t\t\t\t<\/div>\n\t\t<div class=\"elementor-element elementor-element-603bcf9 e-flex e-con-boxed e-con e-parent\" data-id=\"603bcf9\" data-element_type=\"container\" data-e-type=\"container\">\n\t\t\t\t\t<div class=\"e-con-inner\">\n\t\t<div class=\"elementor-element elementor-element-1ae55ef e-con-full e-flex e-con e-child\" data-id=\"1ae55ef\" data-element_type=\"container\" data-e-type=\"container\">\n\t\t\t\t<\/div>\n\t\t<div class=\"elementor-element elementor-element-6f98b00 e-con-full e-flex e-con e-child\" data-id=\"6f98b00\" data-element_type=\"container\" data-e-type=\"container\" data-settings=\"{&quot;background_background&quot;:&quot;classic&quot;}\">\n\t\t\t\t<div class=\"elementor-element elementor-element-88d8589 elementor-widget elementor-widget-heading\" data-id=\"88d8589\" data-element_type=\"widget\" data-e-type=\"widget\" data-widget_type=\"heading.default\">\n\t\t\t\t\t<h4 class=\"elementor-heading-title elementor-size-default\">Control de Gesti\u00f3n y KPIs:<\/h4>\t\t\t\t<\/div>\n\t\t\t\t<div class=\"elementor-element elementor-element-1792727 elementor-widget elementor-widget-text-editor\" data-id=\"1792727\" data-element_type=\"widget\" data-e-type=\"widget\" data-widget_type=\"text-editor.default\">\n\t\t\t\t\t\t\t\t\t<p>Dise\u00f1o y seguimiento de cuadros de mando. KPIs claros y \u00fatiles para tomar decisiones.<\/p>\t\t\t\t\t\t\t\t<\/div>\n\t\t\t\t<\/div>\n\t\t<div class=\"elementor-element elementor-element-f2331a1 e-con-full e-flex e-con e-child\" data-id=\"f2331a1\" data-element_type=\"container\" data-e-type=\"container\" data-settings=\"{&quot;background_background&quot;:&quot;classic&quot;}\">\n\t\t\t\t<div class=\"elementor-element elementor-element-972979d elementor-widget elementor-widget-heading\" data-id=\"972979d\" data-element_type=\"widget\" data-e-type=\"widget\" data-widget_type=\"heading.default\">\n\t\t\t\t\t<h4 class=\"elementor-heading-title elementor-size-default\">ERP Holded + Verifactu:<\/h4>\t\t\t\t<\/div>\n\t\t\t\t<div class=\"elementor-element elementor-element-9257431 elementor-widget elementor-widget-text-editor\" data-id=\"9257431\" data-element_type=\"widget\" data-e-type=\"widget\" data-widget_type=\"text-editor.default\">\n\t\t\t\t\t\t\t\t\t<p>Implantaci\u00f3n y personalizaci\u00f3n de Holded para contabilidad, facturaci\u00f3n y fiscalidad digital. Todo preparado para Verifactu e integrado con bancos y e-commerce.<\/p>\t\t\t\t\t\t\t\t<\/div>\n\t\t\t\t<\/div>\n\t\t\t\t\t<\/div>\n\t\t\t\t<\/div>\n\t\t\t\t<\/div>\n\t\t","protected":false},"excerpt":{"rendered":"<p>Soluciones financieras adaptadas a su empresa. hablemos Elija el nivel de soporte que necesita y escale cuando su negocio lo requiera: CFO Externalizado: Direcci\u00f3n financiera estrat\u00e9gica a medida de su pyme: planificaci\u00f3n de tesorer\u00eda, negociaci\u00f3n bancaria, reporting mensual, an\u00e1lisis de m\u00e1rgenes y apoyo en decisiones clave. Fiscalidad y Contabilidad: Gesti\u00f3n completa de impuestos, contabilidad y [&hellip;]<\/p>\n","protected":false},"author":1,"featured_media":0,"parent":0,"menu_order":0,"comment_status":"closed","ping_status":"closed","template":"","meta":{"inline_featured_image":false,"footnotes":""},"class_list":["post-324","page","type-page","status-publish","hentry"],"yoast_head":"<!-- This site is optimized with the Yoast SEO plugin v27.4 - https:\/\/yoast.com\/product\/yoast-seo-wordpress\/ -->\n<title>Servicios - Wendigo Fin - Outsourcing Financer<\/title>\n<meta name=\"robots\" content=\"index, follow, max-snippet:-1, max-image-preview:large, max-video-preview:-1\" \/>\n<link rel=\"canonical\" href=\"https:\/\/wendigofin.com\/es\/servicios\/\" \/>\n<meta property=\"og:locale\" content=\"es_ES\" \/>\n<meta property=\"og:type\" content=\"article\" \/>\n<meta property=\"og:title\" content=\"Servicios - Wendigo Fin - Outsourcing Financer\" \/>\n<meta property=\"og:description\" content=\"Soluciones financieras adaptadas a su empresa. hablemos Elija el nivel de soporte que necesita y escale cuando su negocio lo requiera: CFO Externalizado: Direcci\u00f3n financiera estrat\u00e9gica a medida de su pyme: planificaci\u00f3n de tesorer\u00eda, negociaci\u00f3n bancaria, reporting mensual, an\u00e1lisis de m\u00e1rgenes y apoyo en decisiones clave. Fiscalidad y Contabilidad: Gesti\u00f3n completa de impuestos, contabilidad y [&hellip;]\" \/>\n<meta property=\"og:url\" content=\"https:\/\/wendigofin.com\/es\/servicios\/\" \/>\n<meta property=\"og:site_name\" content=\"Wendigo Fin - Outsourcing Financer\" \/>\n<meta property=\"article:modified_time\" content=\"2025-10-28T07:58:28+00:00\" \/>\n<meta property=\"og:image\" content=\"https:\/\/wendigofin.com\/wp-content\/uploads\/2025\/10\/img_home_2x.png\" \/>\n\t<meta property=\"og:image:width\" content=\"844\" \/>\n\t<meta property=\"og:image:height\" content=\"844\" \/>\n\t<meta property=\"og:image:type\" content=\"image\/png\" \/>\n<meta name=\"twitter:card\" content=\"summary_large_image\" \/>\n<script type=\"application\/ld+json\" class=\"yoast-schema-graph\">{\"@context\":\"https:\\\/\\\/schema.org\",\"@graph\":[{\"@type\":\"WebPage\",\"@id\":\"https:\\\/\\\/wendigofin.com\\\/es\\\/servicios\\\/\",\"url\":\"https:\\\/\\\/wendigofin.com\\\/es\\\/servicios\\\/\",\"name\":\"Servicios - Wendigo Fin - Outsourcing Financer\",\"isPartOf\":{\"@id\":\"https:\\\/\\\/wendigofin.com\\\/es\\\/#website\"},\"primaryImageOfPage\":{\"@id\":\"https:\\\/\\\/wendigofin.com\\\/es\\\/servicios\\\/#primaryimage\"},\"image\":{\"@id\":\"https:\\\/\\\/wendigofin.com\\\/es\\\/servicios\\\/#primaryimage\"},\"thumbnailUrl\":\"https:\\\/\\\/wendigofin.com\\\/wp-content\\\/uploads\\\/2025\\\/10\\\/img_home_2x.png\",\"datePublished\":\"2025-10-01T09:50:23+00:00\",\"dateModified\":\"2025-10-28T07:58:28+00:00\",\"breadcrumb\":{\"@id\":\"https:\\\/\\\/wendigofin.com\\\/es\\\/servicios\\\/#breadcrumb\"},\"inLanguage\":\"es\",\"potentialAction\":[{\"@type\":\"ReadAction\",\"target\":[\"https:\\\/\\\/wendigofin.com\\\/es\\\/servicios\\\/\"]}]},{\"@type\":\"ImageObject\",\"inLanguage\":\"es\",\"@id\":\"https:\\\/\\\/wendigofin.com\\\/es\\\/servicios\\\/#primaryimage\",\"url\":\"https:\\\/\\\/wendigofin.com\\\/wp-content\\\/uploads\\\/2025\\\/10\\\/img_home_2x.png\",\"contentUrl\":\"https:\\\/\\\/wendigofin.com\\\/wp-content\\\/uploads\\\/2025\\\/10\\\/img_home_2x.png\"},{\"@type\":\"BreadcrumbList\",\"@id\":\"https:\\\/\\\/wendigofin.com\\\/es\\\/servicios\\\/#breadcrumb\",\"itemListElement\":[{\"@type\":\"ListItem\",\"position\":1,\"name\":\"Inicio\",\"item\":\"https:\\\/\\\/wendigofin.com\\\/es\\\/inicio\\\/\"},{\"@type\":\"ListItem\",\"position\":2,\"name\":\"Servicios\"}]},{\"@type\":\"WebSite\",\"@id\":\"https:\\\/\\\/wendigofin.com\\\/es\\\/#website\",\"url\":\"https:\\\/\\\/wendigofin.com\\\/es\\\/\",\"name\":\"Wendigo Fin - Outsourcing Financer\",\"description\":\"Assessoria i direcci\u00f3 financera\",\"publisher\":{\"@id\":\"https:\\\/\\\/wendigofin.com\\\/es\\\/#organization\"},\"potentialAction\":[{\"@type\":\"SearchAction\",\"target\":{\"@type\":\"EntryPoint\",\"urlTemplate\":\"https:\\\/\\\/wendigofin.com\\\/es\\\/?s={search_term_string}\"},\"query-input\":{\"@type\":\"PropertyValueSpecification\",\"valueRequired\":true,\"valueName\":\"search_term_string\"}}],\"inLanguage\":\"es\"},{\"@type\":\"Organization\",\"@id\":\"https:\\\/\\\/wendigofin.com\\\/es\\\/#organization\",\"name\":\"Wendigo Fin - Outsourcing Financiero\",\"url\":\"https:\\\/\\\/wendigofin.com\\\/es\\\/\",\"logo\":{\"@type\":\"ImageObject\",\"inLanguage\":\"es\",\"@id\":\"https:\\\/\\\/wendigofin.com\\\/es\\\/#\\\/schema\\\/logo\\\/image\\\/\",\"url\":\"https:\\\/\\\/wendigofin.com\\\/wp-content\\\/uploads\\\/2025\\\/10\\\/logo_wendigofin.png\",\"contentUrl\":\"https:\\\/\\\/wendigofin.com\\\/wp-content\\\/uploads\\\/2025\\\/10\\\/logo_wendigofin.png\",\"width\":329,\"height\":92,\"caption\":\"Wendigo Fin - Outsourcing Financiero\"},\"image\":{\"@id\":\"https:\\\/\\\/wendigofin.com\\\/es\\\/#\\\/schema\\\/logo\\\/image\\\/\"}}]}<\/script>\n<!-- \/ Yoast SEO plugin. -->","yoast_head_json":{"title":"Servicios - Wendigo Fin - Outsourcing Financer","robots":{"index":"index","follow":"follow","max-snippet":"max-snippet:-1","max-image-preview":"max-image-preview:large","max-video-preview":"max-video-preview:-1"},"canonical":"https:\/\/wendigofin.com\/es\/servicios\/","og_locale":"es_ES","og_type":"article","og_title":"Servicios - Wendigo Fin - Outsourcing Financer","og_description":"Soluciones financieras adaptadas a su empresa. hablemos Elija el nivel de soporte que necesita y escale cuando su negocio lo requiera: CFO Externalizado: Direcci\u00f3n financiera estrat\u00e9gica a medida de su pyme: planificaci\u00f3n de tesorer\u00eda, negociaci\u00f3n bancaria, reporting mensual, an\u00e1lisis de m\u00e1rgenes y apoyo en decisiones clave. Fiscalidad y Contabilidad: Gesti\u00f3n completa de impuestos, contabilidad y [&hellip;]","og_url":"https:\/\/wendigofin.com\/es\/servicios\/","og_site_name":"Wendigo Fin - Outsourcing Financer","article_modified_time":"2025-10-28T07:58:28+00:00","og_image":[{"width":844,"height":844,"url":"https:\/\/wendigofin.com\/wp-content\/uploads\/2025\/10\/img_home_2x.png","type":"image\/png"}],"twitter_card":"summary_large_image","schema":{"@context":"https:\/\/schema.org","@graph":[{"@type":"WebPage","@id":"https:\/\/wendigofin.com\/es\/servicios\/","url":"https:\/\/wendigofin.com\/es\/servicios\/","name":"Servicios - Wendigo Fin - Outsourcing Financer","isPartOf":{"@id":"https:\/\/wendigofin.com\/es\/#website"},"primaryImageOfPage":{"@id":"https:\/\/wendigofin.com\/es\/servicios\/#primaryimage"},"image":{"@id":"https:\/\/wendigofin.com\/es\/servicios\/#primaryimage"},"thumbnailUrl":"https:\/\/wendigofin.com\/wp-content\/uploads\/2025\/10\/img_home_2x.png","datePublished":"2025-10-01T09:50:23+00:00","dateModified":"2025-10-28T07:58:28+00:00","breadcrumb":{"@id":"https:\/\/wendigofin.com\/es\/servicios\/#breadcrumb"},"inLanguage":"es","potentialAction":[{"@type":"ReadAction","target":["https:\/\/wendigofin.com\/es\/servicios\/"]}]},{"@type":"ImageObject","inLanguage":"es","@id":"https:\/\/wendigofin.com\/es\/servicios\/#primaryimage","url":"https:\/\/wendigofin.com\/wp-content\/uploads\/2025\/10\/img_home_2x.png","contentUrl":"https:\/\/wendigofin.com\/wp-content\/uploads\/2025\/10\/img_home_2x.png"},{"@type":"BreadcrumbList","@id":"https:\/\/wendigofin.com\/es\/servicios\/#breadcrumb","itemListElement":[{"@type":"ListItem","position":1,"name":"Inicio","item":"https:\/\/wendigofin.com\/es\/inicio\/"},{"@type":"ListItem","position":2,"name":"Servicios"}]},{"@type":"WebSite","@id":"https:\/\/wendigofin.com\/es\/#website","url":"https:\/\/wendigofin.com\/es\/","name":"Wendigo Fin - Outsourcing Financer","description":"Assessoria i direcci\u00f3 financera","publisher":{"@id":"https:\/\/wendigofin.com\/es\/#organization"},"potentialAction":[{"@type":"SearchAction","target":{"@type":"EntryPoint","urlTemplate":"https:\/\/wendigofin.com\/es\/?s={search_term_string}"},"query-input":{"@type":"PropertyValueSpecification","valueRequired":true,"valueName":"search_term_string"}}],"inLanguage":"es"},{"@type":"Organization","@id":"https:\/\/wendigofin.com\/es\/#organization","name":"Wendigo Fin - Outsourcing Financiero","url":"https:\/\/wendigofin.com\/es\/","logo":{"@type":"ImageObject","inLanguage":"es","@id":"https:\/\/wendigofin.com\/es\/#\/schema\/logo\/image\/","url":"https:\/\/wendigofin.com\/wp-content\/uploads\/2025\/10\/logo_wendigofin.png","contentUrl":"https:\/\/wendigofin.com\/wp-content\/uploads\/2025\/10\/logo_wendigofin.png","width":329,"height":92,"caption":"Wendigo Fin - Outsourcing Financiero"},"image":{"@id":"https:\/\/wendigofin.com\/es\/#\/schema\/logo\/image\/"}}]}},"_links":{"self":[{"href":"https:\/\/wendigofin.com\/es\/wp-json\/wp\/v2\/pages\/324","targetHints":{"allow":["GET"]}}],"collection":[{"href":"https:\/\/wendigofin.com\/es\/wp-json\/wp\/v2\/pages"}],"about":[{"href":"https:\/\/wendigofin.com\/es\/wp-json\/wp\/v2\/types\/page"}],"author":[{"embeddable":true,"href":"https:\/\/wendigofin.com\/es\/wp-json\/wp\/v2\/users\/1"}],"replies":[{"embeddable":true,"href":"https:\/\/wendigofin.com\/es\/wp-json\/wp\/v2\/comments?post=324"}],"version-history":[{"count":5,"href":"https:\/\/wendigofin.com\/es\/wp-json\/wp\/v2\/pages\/324\/revisions"}],"predecessor-version":[{"id":391,"href":"https:\/\/wendigofin.com\/es\/wp-json\/wp\/v2\/pages\/324\/revisions\/391"}],"wp:attachment":[{"href":"https:\/\/wendigofin.com\/es\/wp-json\/wp\/v2\/media?parent=324"}],"curies":[{"name":"wp","href":"https:\/\/api.w.org\/{rel}","templated":true}]}}